{"id":14923,"date":"2022-07-05T10:01:56","date_gmt":"2022-07-05T08:01:56","guid":{"rendered":"https:\/\/wp.fuso.meelogic.hosting\/provider\/"},"modified":"2026-04-01T15:47:33","modified_gmt":"2026-04-01T13:47:33","slug":"provider","status":"publish","type":"page","link":"https:\/\/www.fuso-trucks.si\/en\/provider\/","title":{"rendered":"Provider"},"content":{"rendered":"<div class=\"wpb-content-wrapper\"><p>[vc_row][vc_column][vc_column_text]<\/p>\n<h2>PROVIDER.<\/h2>\n<p>[\/vc_column_text][\/vc_column][\/vc_row][vc_row][vc_column width=&#8221;1\/2&#8243;]\n                <div class=\"fusoeurope-text-image wpb_content_element  item--image--top \" >\n                    <div class=\"item item--text wpb_text_column\">\n                        <p>Daimler Truck AG<br \/>\nFasanenweg 10<br \/>\n70771 Leinfelden-Echterdingen<br \/>\nTel.: +49 711-8485-0<\/p>\n<p>E-Mail:\u00a0<a href=\"mailto:contact@daimlertruck.com\">contact@daimlertruck.com<\/a><\/p>\n\n                    <\/div>\n                <\/div>[\/vc_column][vc_column width=&#8221;1\/2&#8243;]\n                <div class=\"fusoeurope-text-image wpb_content_element  item--image--top \" >\n                    <div class=\"item item--text wpb_text_column\">\n                        <p><strong>Represented by the Board of Management:<\/strong> Karin R\u00e5dstr\u00f6m, President &amp; CEO; Andreas Gorbach, J\u00fcrgen Hartwig, John O&#8217;Leary, Achim Puchert, Eva Scherer<\/p>\n<p><strong>Chairman of the Supervisory Board:<\/strong> Joe Kaeser<\/p>\n<p>Court of Registry: Stuttgart; commercial register no. HRB\u00a076 28 84<br \/>\nVAT ID: DE 32 12 81 771<\/p>\n\n                    <\/div>\n                <\/div>[\/vc_column][\/vc_row]<\/p>\n<\/div>","protected":false},"excerpt":{"rendered":"<\/p>\n","protected":false},"author":44,"featured_media":0,"parent":0,"menu_order":8,"comment_status":"closed","ping_status":"closed","template":"templates\/template-default-hero.php","meta":{"_acf_changed":false,"footnotes":""},"class_list":["post-14923","page","type-page","status-publish","hentry"],"acf":[],"yoast_head":"<!-- This site is optimized with the Yoast SEO plugin v27.3 - https:\/\/yoast.com\/product\/yoast-seo-wordpress\/ -->\n<title>FUSO \u2013 Provider<\/title>\n<meta name=\"description\" content=\"INFORMATION ABOUT THE WEBSITE PROVIDER\" \/>\n<meta name=\"robots\" content=\"noindex, follow\" \/>\n<meta property=\"og:locale\" content=\"en_US\" \/>\n<meta property=\"og:type\" content=\"article\" \/>\n<meta property=\"og:title\" content=\"FUSO \u2013 Provider\" \/>\n<meta property=\"og:description\" content=\"INFORMATION ABOUT THE WEBSITE PROVIDER\" \/>\n<meta property=\"og:url\" content=\"https:\/\/www.fuso-trucks.si\/en\/provider\/\" \/>\n<meta property=\"og:site_name\" content=\"FUSO Trucks SI\" \/>\n<meta property=\"article:modified_time\" content=\"2026-04-01T13:47:33+00:00\" \/>\n<meta name=\"twitter:card\" content=\"summary_large_image\" \/>\n<meta name=\"twitter:label1\" content=\"Est. reading time\" \/>\n\t<meta name=\"twitter:data1\" content=\"1 minute\" \/>\n<script type=\"application\/ld+json\" class=\"yoast-schema-graph\">{\"@context\":\"https:\\\/\\\/schema.org\",\"@graph\":[{\"@type\":\"WebPage\",\"@id\":\"https:\\\/\\\/www.fuso-trucks.si\\\/en\\\/provider\\\/\",\"url\":\"https:\\\/\\\/www.fuso-trucks.si\\\/en\\\/provider\\\/\",\"name\":\"FUSO \u2013 Provider\",\"isPartOf\":{\"@id\":\"https:\\\/\\\/www.fuso-trucks.si\\\/en\\\/#website\"},\"datePublished\":\"2022-07-05T08:01:56+00:00\",\"dateModified\":\"2026-04-01T13:47:33+00:00\",\"description\":\"INFORMATION ABOUT THE WEBSITE PROVIDER\",\"breadcrumb\":{\"@id\":\"https:\\\/\\\/www.fuso-trucks.si\\\/en\\\/provider\\\/#breadcrumb\"},\"inLanguage\":\"en-SI\",\"potentialAction\":[{\"@type\":\"ReadAction\",\"target\":[\"https:\\\/\\\/www.fuso-trucks.si\\\/en\\\/provider\\\/\"]}]},{\"@type\":\"BreadcrumbList\",\"@id\":\"https:\\\/\\\/www.fuso-trucks.si\\\/en\\\/provider\\\/#breadcrumb\",\"itemListElement\":[{\"@type\":\"ListItem\",\"position\":1,\"name\":\"Home\",\"item\":\"https:\\\/\\\/www.fuso-trucks.si\\\/en\\\/home\\\/\"},{\"@type\":\"ListItem\",\"position\":2,\"name\":\"Provider\"}]},{\"@type\":\"WebSite\",\"@id\":\"https:\\\/\\\/www.fuso-trucks.si\\\/en\\\/#website\",\"url\":\"https:\\\/\\\/www.fuso-trucks.si\\\/en\\\/\",\"name\":\"FUSO Trucks SI\",\"description\":\"\",\"potentialAction\":[{\"@type\":\"SearchAction\",\"target\":{\"@type\":\"EntryPoint\",\"urlTemplate\":\"https:\\\/\\\/www.fuso-trucks.si\\\/en\\\/?s={search_term_string}\"},\"query-input\":{\"@type\":\"PropertyValueSpecification\",\"valueRequired\":true,\"valueName\":\"search_term_string\"}}],\"inLanguage\":\"en-SI\"}]}<\/script>\n<!-- \/ Yoast SEO plugin. -->","yoast_head_json":{"title":"FUSO \u2013 Provider","description":"INFORMATION ABOUT THE WEBSITE PROVIDER","robots":{"index":"noindex","follow":"follow"},"og_locale":"en_US","og_type":"article","og_title":"FUSO \u2013 Provider","og_description":"INFORMATION ABOUT THE WEBSITE PROVIDER","og_url":"https:\/\/www.fuso-trucks.si\/en\/provider\/","og_site_name":"FUSO Trucks SI","article_modified_time":"2026-04-01T13:47:33+00:00","twitter_card":"summary_large_image","twitter_misc":{"Est. reading time":"1 minute"},"schema":{"@context":"https:\/\/schema.org","@graph":[{"@type":"WebPage","@id":"https:\/\/www.fuso-trucks.si\/en\/provider\/","url":"https:\/\/www.fuso-trucks.si\/en\/provider\/","name":"FUSO \u2013 Provider","isPartOf":{"@id":"https:\/\/www.fuso-trucks.si\/en\/#website"},"datePublished":"2022-07-05T08:01:56+00:00","dateModified":"2026-04-01T13:47:33+00:00","description":"INFORMATION ABOUT THE WEBSITE PROVIDER","breadcrumb":{"@id":"https:\/\/www.fuso-trucks.si\/en\/provider\/#breadcrumb"},"inLanguage":"en-SI","potentialAction":[{"@type":"ReadAction","target":["https:\/\/www.fuso-trucks.si\/en\/provider\/"]}]},{"@type":"BreadcrumbList","@id":"https:\/\/www.fuso-trucks.si\/en\/provider\/#breadcrumb","itemListElement":[{"@type":"ListItem","position":1,"name":"Home","item":"https:\/\/www.fuso-trucks.si\/en\/home\/"},{"@type":"ListItem","position":2,"name":"Provider"}]},{"@type":"WebSite","@id":"https:\/\/www.fuso-trucks.si\/en\/#website","url":"https:\/\/www.fuso-trucks.si\/en\/","name":"FUSO Trucks SI","description":"","potentialAction":[{"@type":"SearchAction","target":{"@type":"EntryPoint","urlTemplate":"https:\/\/www.fuso-trucks.si\/en\/?s={search_term_string}"},"query-input":{"@type":"PropertyValueSpecification","valueRequired":true,"valueName":"search_term_string"}}],"inLanguage":"en-SI"}]}},"_links":{"self":[{"href":"https:\/\/www.fuso-trucks.si\/en\/wp-json\/wp\/v2\/pages\/14923","targetHints":{"allow":["GET"]}}],"collection":[{"href":"https:\/\/www.fuso-trucks.si\/en\/wp-json\/wp\/v2\/pages"}],"about":[{"href":"https:\/\/www.fuso-trucks.si\/en\/wp-json\/wp\/v2\/types\/page"}],"author":[{"embeddable":true,"href":"https:\/\/www.fuso-trucks.si\/en\/wp-json\/wp\/v2\/users\/44"}],"replies":[{"embeddable":true,"href":"https:\/\/www.fuso-trucks.si\/en\/wp-json\/wp\/v2\/comments?post=14923"}],"version-history":[{"count":13,"href":"https:\/\/www.fuso-trucks.si\/en\/wp-json\/wp\/v2\/pages\/14923\/revisions"}],"predecessor-version":[{"id":21562,"href":"https:\/\/www.fuso-trucks.si\/en\/wp-json\/wp\/v2\/pages\/14923\/revisions\/21562"}],"wp:attachment":[{"href":"https:\/\/www.fuso-trucks.si\/en\/wp-json\/wp\/v2\/media?parent=14923"}],"curies":[{"name":"wp","href":"https:\/\/api.w.org\/{rel}","templated":true}]}}